{"id":13,"date":"2020-11-04T15:11:46","date_gmt":"2020-11-04T15:11:46","guid":{"rendered":"https:\/\/bim-plan.pl\/?page_id=13"},"modified":"2020-11-05T11:25:12","modified_gmt":"2020-11-05T11:25:12","slug":"oferta","status":"publish","type":"page","link":"https:\/\/bim-plan.pl\/de\/oferta\/","title":{"rendered":"Projektangebot"},"content":{"rendered":"<div data-elementor-type=\"wp-page\" data-elementor-id=\"13\" class=\"elementor elementor-13\" data-elementor-post-type=\"page\">\n\t\t\t\t\t\t<section class=\"elementor-section elementor-top-section elementor-element elementor-element-3f4585b5 elementor-section-full_width elementor-section-height-default elementor-section-height-default\" data-id=\"3f4585b5\" data-element_type=\"section\" data-e-type=\"section\" data-settings=\"{&quot;background_background&quot;:&quot;classic&quot;}\">\n\t\t\t\t\t\t\t<div class=\"elementor-background-overlay\"><\/div>\n\t\t\t\t\t\t\t<div class=\"elementor-container elementor-column-gap-wider\">\n\t\t\t\t\t<div class=\"elementor-column elementor-col-100 elementor-top-column elementor-element elementor-element-4647c81b\" data-id=\"4647c81b\" data-element_type=\"column\" data-e-type=\"column\" data-settings=\"{&quot;background_background&quot;:&quot;classic&quot;}\">\n\t\t\t<div class=\"elementor-widget-wrap elementor-element-populated\">\n\t\t\t\t\t\t<div class=\"elementor-element elementor-element-5b6e6a55 elementor-absolute elementor-widget__width-initial elementor-widget elementor-widget-image\" data-id=\"5b6e6a55\" data-element_type=\"widget\" data-e-type=\"widget\" data-settings=\"{&quot;_position&quot;:&quot;absolute&quot;}\" data-widget_type=\"image.default\">\n\t\t\t\t\t\t\t\t\t\t\t\t\t\t\t<img fetchpriority=\"high\" decoding=\"async\" width=\"2000\" height=\"1333\" src=\"https:\/\/bim-plan.pl\/wp-content\/uploads\/2020\/11\/modern-building-and-crane-machinery-structure-984FT7V.jpg\" class=\"attachment-full size-full wp-image-86\" alt=\"\" srcset=\"https:\/\/bim-plan.pl\/wp-content\/uploads\/2020\/11\/modern-building-and-crane-machinery-structure-984FT7V.jpg 2000w, https:\/\/bim-plan.pl\/wp-content\/uploads\/2020\/11\/modern-building-and-crane-machinery-structure-984FT7V-300x200.jpg 300w, https:\/\/bim-plan.pl\/wp-content\/uploads\/2020\/11\/modern-building-and-crane-machinery-structure-984FT7V-1024x682.jpg 1024w, https:\/\/bim-plan.pl\/wp-content\/uploads\/2020\/11\/modern-building-and-crane-machinery-structure-984FT7V-768x512.jpg 768w, https:\/\/bim-plan.pl\/wp-content\/uploads\/2020\/11\/modern-building-and-crane-machinery-structure-984FT7V-1536x1024.jpg 1536w\" sizes=\"(max-width: 2000px) 100vw, 2000px\" \/>\t\t\t\t\t\t\t\t\t\t\t\t\t\t\t<\/div>\n\t\t\t\t<section class=\"elementor-section elementor-inner-section elementor-element elementor-element-26a2a98c elementor-section-full_width elementor-section-height-default elementor-section-height-default\" data-id=\"26a2a98c\" data-element_type=\"section\" data-e-type=\"section\" data-settings=\"{&quot;background_background&quot;:&quot;classic&quot;}\">\n\t\t\t\t\t\t<div class=\"elementor-container elementor-column-gap-default\">\n\t\t\t\t\t<div class=\"elementor-column elementor-col-100 elementor-inner-column elementor-element elementor-element-744cf000\" data-id=\"744cf000\" data-element_type=\"column\" data-e-type=\"column\" data-settings=\"{&quot;background_background&quot;:&quot;classic&quot;}\">\n\t\t\t<div class=\"elementor-widget-wrap elementor-element-populated\">\n\t\t\t\t\t\t<div class=\"elementor-element elementor-element-3b5254b elementor-widget__width-auto elementor-widget elementor-widget-heading\" data-id=\"3b5254b\" data-element_type=\"widget\" data-e-type=\"widget\" data-widget_type=\"heading.default\">\n\t\t\t\t\t<h1 class=\"elementor-heading-title elementor-size-default\">Projektangebot<\/h1>\t\t\t\t<\/div>\n\t\t\t\t\t<\/div>\n\t\t<\/div>\n\t\t\t\t\t<\/div>\n\t\t<\/section>\n\t\t\t\t\t<\/div>\n\t\t<\/div>\n\t\t\t\t\t<\/div>\n\t\t<\/section>\n\t\t\t\t<section class=\"elementor-section elementor-top-section elementor-element elementor-element-178af479 elementor-section-boxed elementor-section-height-default elementor-section-height-default\" data-id=\"178af479\" data-element_type=\"section\" data-e-type=\"section\">\n\t\t\t\t\t\t<div class=\"elementor-container elementor-column-gap-wider\">\n\t\t\t\t\t<div class=\"elementor-column elementor-col-100 elementor-top-column elementor-element elementor-element-18a42429\" data-id=\"18a42429\" data-element_type=\"column\" data-e-type=\"column\">\n\t\t\t<div class=\"elementor-widget-wrap elementor-element-populated\">\n\t\t\t\t\t\t<section class=\"elementor-section elementor-inner-section elementor-element elementor-element-67758f3d elementor-section-boxed elementor-section-height-default elementor-section-height-default\" data-id=\"67758f3d\" data-element_type=\"section\" data-e-type=\"section\">\n\t\t\t\t\t\t<div class=\"elementor-container elementor-column-gap-default\">\n\t\t\t\t\t<div class=\"elementor-column elementor-col-100 elementor-inner-column elementor-element elementor-element-63a7476d\" data-id=\"63a7476d\" data-element_type=\"column\" data-e-type=\"column\">\n\t\t\t<div class=\"elementor-widget-wrap elementor-element-populated\">\n\t\t\t\t\t\t<div class=\"elementor-element elementor-element-745a6d2f elementor-widget elementor-widget-heading\" data-id=\"745a6d2f\" data-element_type=\"widget\" data-e-type=\"widget\" data-widget_type=\"heading.default\">\n\t\t\t\t\t<h2 class=\"elementor-heading-title elementor-size-default\">Im Rahmen unserer Aktivit\u00e4ten bieten wir Dienstleistungen in folgenden Bereichen an:<\/h2>\t\t\t\t<\/div>\n\t\t\t\t\t<\/div>\n\t\t<\/div>\n\t\t\t\t\t<\/div>\n\t\t<\/section>\n\t\t\t\t<section class=\"elementor-section elementor-inner-section elementor-element elementor-element-63689381 elementor-section-boxed elementor-section-height-default elementor-section-height-default\" data-id=\"63689381\" data-element_type=\"section\" data-e-type=\"section\">\n\t\t\t\t\t\t<div class=\"elementor-container elementor-column-gap-default\">\n\t\t\t\t\t<div class=\"elementor-column elementor-col-25 elementor-inner-column elementor-element elementor-element-3095685b\" data-id=\"3095685b\" data-element_type=\"column\" data-e-type=\"column\">\n\t\t\t<div class=\"elementor-widget-wrap elementor-element-populated\">\n\t\t\t\t\r\n\t\t<div class=\"elementor-element elementor-element-851fb38 elementor-widget elementor-widget-text-editor\" data-id=\"851fb38\" data-element_type=\"widget\" data-e-type=\"widget\" data-widget_type=\"text-editor.default\">\n\t\t\t\t\t\t\t\t\t<ul><li>3D-Modelle und \u00dcbersichtspl\u00e4ne von Fertigteilelementen und Ortbetonkonstruktionen, Schalung- und Bewehrungszeichnungen von Stahlbetonfertigteilen und Ortbetonelementen.<\/li><li>Entwurf von Bau- und Ingenieurstrukturen f\u00fcr alle Phasen des Investitionsprozesses,<\/li><li>Modernisierung und Anpassung an die lokalen Bedingungen aller Geb\u00e4udetypen,<\/li><li>Projekte zum Wiederaufbau, zur Erweiterung und zum Abbau aller Geb\u00e4udeeinrichtungen<\/li><li>Erstellung von Gutachten, Entscheidungen und technischer Expertise,<\/li><li>Optimierung von Projektl\u00f6sungen,<\/li><li>Technische Beratung,<\/li><li>Aus\u00fcbung der Autorenaufsicht \u00fcber die Umsetzung der Investition,<\/li><li>Bau- und Architekturinventare sowie Designvisualisierungen.<\/li><\/ul><p><strong><br \/>Das Design von Geb\u00e4udestrukturen umfasst folgende Einrichtungen:<\/strong><\/p><ul><li>Einfamilien- und Mehrfamilienh\u00e4\u00fcsern,<\/li><li>Gesch\u00e4fts- und Servicegeb\u00e4ude,<\/li><li>\u00d6ffentliche Geb\u00e4ude,<\/li><li>B\u00fcro- und \u00f6ffentliche Geb\u00e4ude,<\/li><li>Lager- und Produktionshallen,<\/li><li>Industriegeb\u00e4ude.<\/li><\/ul>\t\t\t\t\t\t\t\t<\/div>\n\t\t\t\t<div class=\"elementor-element elementor-element-1482f904 elementor-widget__width-auto elementor-widget elementor-widget-button\" data-id=\"1482f904\" data-element_type=\"widget\" data-e-type=\"widget\" data-widget_type=\"button.default\">\n\t\t\t\t\t\t\t\t\t\t<a class=\"elementor-button elementor-button-link elementor-size-lg elementor-animation-grow\" href=\"https:\/\/bim-plan.pl\/de\/kontakt\/\">\n\t\t\t\t\t\t<span class=\"elementor-button-content-wrapper\">\n\t\t\t\t\t\t<span class=\"elementor-button-icon\">\n\t\t\t\t<i aria-hidden=\"true\" class=\"icon icon-right-arrow\"><\/i>\t\t\t<\/span>\n\t\t\t\t\t\t\t\t\t<span class=\"elementor-button-text\">Kontakt<\/span>\n\t\t\t\t\t<\/span>\n\t\t\t\t\t<\/a>\n\t\t\t\t\t\t\t\t<\/div>\n\t\t\t\t\t<\/div>\n\t\t<\/div>\n\t\t\t\t<div class=\"elementor-column elementor-col-25 elementor-inner-column elementor-element elementor-element-3d5e202\" data-id=\"3d5e202\" data-element_type=\"column\" data-e-type=\"column\">\n\t\t\t<div class=\"elementor-widget-wrap\">\n\t\t\t\t\t\t\t<\/div>\n\t\t<\/div>\n\t\t\t\t<div class=\"elementor-column elementor-col-25 elementor-inner-column elementor-element elementor-element-122dee83\" data-id=\"122dee83\" data-element_type=\"column\" data-e-type=\"column\">\n\t\t\t<div class=\"elementor-widget-wrap elementor-element-populated\">\n\t\t\t\t\t\t<div class=\"elementor-element elementor-element-1f8c9a87 elementor-widget elementor-widget-image\" data-id=\"1f8c9a87\" data-element_type=\"widget\" data-e-type=\"widget\" data-widget_type=\"image.default\">\n\t\t\t\t\t\t\t\t\t\t\t\t\t\t\t<img decoding=\"async\" src=\"https:\/\/bim-plan.pl\/wp-content\/uploads\/elementor\/thumbs\/9-scaled-oxysgghaolu23uhl2rkhgq14m7dabrr9s58ez72c8g.jpg\" title=\"9\" alt=\"9\" loading=\"lazy\" \/>\t\t\t\t\t\t\t\t\t\t\t\t\t\t\t<\/div>\n\t\t\t\t\t<\/div>\n\t\t<\/div>\n\t\t\t\t<div class=\"elementor-column elementor-col-25 elementor-inner-column elementor-element elementor-element-733e2887\" data-id=\"733e2887\" data-element_type=\"column\" data-e-type=\"column\">\n\t\t\t<div class=\"elementor-widget-wrap\">\n\t\t\t\t\t\t\t<\/div>\n\t\t<\/div>\n\t\t\t\t\t<\/div>\n\t\t<\/section>\n\t\t\t\t\t<\/div>\n\t\t<\/div>\n\t\t\t\t\t<\/div>\n\t\t<\/section>\n\t\t\t\t<\/div>","protected":false},"excerpt":{"rendered":"<p>Oferta W ramach swojej dzia\u0142alno\u015bci \u015bwiadczymy us\u0142ugi w zakresie: projektowanie prefabrykowanych konstrukcji \u017celbetowych, rysunki szalunkowe i zbrojeniowe element\u00f3w prefabrykowanych, rysunki z\u0142o\u017ceniowe prefabrykat\u00f3w, projektowania konstrukcji budowlanych i in\u017cynierskich dla wszystkich etap\u00f3w procesu inwestycyjnego, modernizacji i adaptacji wszelkiego typu obiekt\u00f3w budowlanych, projekt\u00f3w rozbi\u00f3rek, sporz\u0105dzania opinii, orzecze\u0144 i ekspertyz technicznych, optymalizacji rozwi\u0105za\u0144 projektowych, doradztwa technicznego, sprawowania nadzor\u00f3w autorskich [&hellip;]<\/p>\n","protected":false},"author":1,"featured_media":0,"parent":0,"menu_order":0,"comment_status":"closed","ping_status":"closed","template":"elementor_header_footer","meta":{"ocean_post_layout":"","ocean_both_sidebars_style":"","ocean_both_sidebars_content_width":0,"ocean_both_sidebars_sidebars_width":0,"ocean_sidebar":"0","ocean_second_sidebar":"0","ocean_disable_margins":"enable","ocean_add_body_class":"","ocean_shortcode_before_top_bar":"","ocean_shortcode_after_top_bar":"","ocean_shortcode_before_header":"","ocean_shortcode_after_header":"","ocean_has_shortcode":"","ocean_shortcode_after_title":"","ocean_shortcode_before_footer_widgets":"","ocean_shortcode_after_footer_widgets":"","ocean_shortcode_before_footer_bottom":"","ocean_shortcode_after_footer_bottom":"","ocean_display_top_bar":"off","ocean_display_header":"default","ocean_header_style":"","ocean_center_header_left_menu":"0","ocean_custom_header_template":"0","ocean_custom_logo":0,"ocean_custom_retina_logo":0,"ocean_custom_logo_max_width":0,"ocean_custom_logo_tablet_max_width":0,"ocean_custom_logo_mobile_max_width":0,"ocean_custom_logo_max_height":0,"ocean_custom_logo_tablet_max_height":0,"ocean_custom_logo_mobile_max_height":0,"ocean_header_custom_menu":"0","ocean_menu_typo_font_family":"0","ocean_menu_typo_font_subset":"","ocean_menu_typo_font_size":0,"ocean_menu_typo_font_size_tablet":0,"ocean_menu_typo_font_size_mobile":0,"ocean_menu_typo_font_size_unit":"px","ocean_menu_typo_font_weight":"","ocean_menu_typo_font_weight_tablet":"","ocean_menu_typo_font_weight_mobile":"","ocean_menu_typo_transform":"","ocean_menu_typo_transform_tablet":"","ocean_menu_typo_transform_mobile":"","ocean_menu_typo_line_height":0,"ocean_menu_typo_line_height_tablet":0,"ocean_menu_typo_line_height_mobile":0,"ocean_menu_typo_line_height_unit":"","ocean_menu_typo_spacing":0,"ocean_menu_typo_spacing_tablet":0,"ocean_menu_typo_spacing_mobile":0,"ocean_menu_typo_spacing_unit":"","ocean_menu_link_color":"","ocean_menu_link_color_hover":"","ocean_menu_link_color_active":"","ocean_menu_link_background":"","ocean_menu_link_hover_background":"","ocean_menu_link_active_background":"","ocean_menu_social_links_bg":"","ocean_menu_social_hover_links_bg":"","ocean_menu_social_links_color":"","ocean_menu_social_hover_links_color":"","ocean_disable_title":"on","ocean_disable_heading":"default","ocean_post_title":"","ocean_post_subheading":"","ocean_post_title_style":"","ocean_post_title_background_color":"","ocean_post_title_background":0,"ocean_post_title_bg_image_position":"","ocean_post_title_bg_image_attachment":"","ocean_post_title_bg_image_repeat":"","ocean_post_title_bg_image_size":"","ocean_post_title_height":0,"ocean_post_title_bg_overlay":0.5,"ocean_post_title_bg_overlay_color":"","ocean_disable_breadcrumbs":"default","ocean_breadcrumbs_color":"","ocean_breadcrumbs_separator_color":"","ocean_breadcrumbs_links_color":"","ocean_breadcrumbs_links_hover_color":"","ocean_display_footer_widgets":"default","ocean_display_footer_bottom":"default","ocean_custom_footer_template":"0","footnotes":""},"class_list":["post-13","page","type-page","status-publish","hentry","entry"],"_links":{"self":[{"href":"https:\/\/bim-plan.pl\/de\/wp-json\/wp\/v2\/pages\/13","targetHints":{"allow":["GET"]}}],"collection":[{"href":"https:\/\/bim-plan.pl\/de\/wp-json\/wp\/v2\/pages"}],"about":[{"href":"https:\/\/bim-plan.pl\/de\/wp-json\/wp\/v2\/types\/page"}],"author":[{"embeddable":true,"href":"https:\/\/bim-plan.pl\/de\/wp-json\/wp\/v2\/users\/1"}],"replies":[{"embeddable":true,"href":"https:\/\/bim-plan.pl\/de\/wp-json\/wp\/v2\/comments?post=13"}],"version-history":[{"count":7,"href":"https:\/\/bim-plan.pl\/de\/wp-json\/wp\/v2\/pages\/13\/revisions"}],"predecessor-version":[{"id":108,"href":"https:\/\/bim-plan.pl\/de\/wp-json\/wp\/v2\/pages\/13\/revisions\/108"}],"wp:attachment":[{"href":"https:\/\/bim-plan.pl\/de\/wp-json\/wp\/v2\/media?parent=13"}],"curies":[{"name":"wp","href":"https:\/\/api.w.org\/{rel}","templated":true}]}}